{"id":31860,"date":"2021-03-12T16:43:25","date_gmt":"2021-03-12T16:43:25","guid":{"rendered":"https:\/\/faune.de\/de\/newsletter\/"},"modified":"2021-03-12T16:51:56","modified_gmt":"2021-03-12T16:51:56","slug":"newsletter","status":"publish","type":"page","link":"https:\/\/faune.de\/de\/newsletter\/","title":{"rendered":"Newsletter"},"content":{"rendered":"\n<h3>Das hat funktioniert!<\/h3>\n\n\n<!-- subscription --><div class=\"tnp tnp-subscription\">\n<form method=\"post\" action=\"https:\/\/faune.de\/de\/?na=s\" onsubmit=\"return newsletter_check(this)\">\n\n<input type=\"hidden\" name=\"nlang\" value=\"\">\n<input type=\"hidden\" name=\"nr\" value=\"page\">\n<div class=\"tnp-field tnp-field-email\"><label>Email<\/label><input class=\"tnp-email\" type=\"email\" name=\"ne\" required><\/div>\n<div class=\"tnp-field tnp-field-privacy\"><label><input type=\"checkbox\" name=\"ny\" required class=\"tnp-privacy\">&nbsp;By continuing, you accept the privacy policy<\/label><\/div>\n<div class=\"tnp-field tnp-field-button\"><input class=\"tnp-submit\" type=\"submit\" value=\"Subscribe\" >\n<\/div>\n<\/form>\n<\/div>\n\n\n<div class=\"wp-bootstrap-blocks-container container mb-2\">\n\t<\/div>\n\n\n\n<p><\/p>\n","protected":false},"excerpt":{"rendered":"<p>Das hat funktioniert!<\/p>\n","protected":false},"author":2,"featured_media":0,"parent":0,"menu_order":0,"comment_status":"closed","ping_status":"closed","template":"","meta":{"advgb_blocks_editor_width":"","advgb_blocks_columns_visual_guide":"","ngg_post_thumbnail":0},"coauthors":[],"author_meta":{"author_link":"https:\/\/faune.de\/de\/author\/julian\/","display_name":"julian"},"relative_dates":{"created":"Posted 5 Jahren ago","modified":"Updated 5 Jahren ago"},"absolute_dates":{"created":"Posted on M\u00e4rz 12, 2021","modified":"Updated on M\u00e4rz 12, 2021"},"absolute_dates_time":{"created":"Posted on M\u00e4rz 12, 2021 4:43 pm","modified":"Updated on M\u00e4rz 12, 2021 4:51 pm"},"featured_img_caption":"","_links":{"self":[{"href":"https:\/\/faune.de\/de\/wp-json\/wp\/v2\/pages\/31860"}],"collection":[{"href":"https:\/\/faune.de\/de\/wp-json\/wp\/v2\/pages"}],"about":[{"href":"https:\/\/faune.de\/de\/wp-json\/wp\/v2\/types\/page"}],"author":[{"embeddable":true,"href":"https:\/\/faune.de\/de\/wp-json\/wp\/v2\/users\/2"}],"replies":[{"embeddable":true,"href":"https:\/\/faune.de\/de\/wp-json\/wp\/v2\/comments?post=31860"}],"version-history":[{"count":7,"href":"https:\/\/faune.de\/de\/wp-json\/wp\/v2\/pages\/31860\/revisions"}],"predecessor-version":[{"id":31921,"href":"https:\/\/faune.de\/de\/wp-json\/wp\/v2\/pages\/31860\/revisions\/31921"}],"wp:attachment":[{"href":"https:\/\/faune.de\/de\/wp-json\/wp\/v2\/media?parent=31860"}],"curies":[{"name":"wp","href":"https:\/\/api.w.org\/{rel}","templated":true}]}}