{"id":358,"date":"2020-02-29T10:14:32","date_gmt":"2020-02-29T10:14:32","guid":{"rendered":"http:\/\/new.faune.de\/?page_id=358"},"modified":"2024-06-19T14:40:31","modified_gmt":"2024-06-19T14:40:31","slug":"oliver","status":"publish","type":"page","link":"https:\/\/faune.de\/de\/oliver\/","title":{"rendered":"Oliver"},"content":{"rendered":"\n<div class=\"wp-block-advgb-images-slider advgb-images-slider-block\"><div class=\"advgb-images-slider\" dir=\"ltr\"><div class=\"advgb-image-slider-item\"><img src=\"https:\/\/faune.de\/wp-content\/uploads\/2024\/06\/FAUN-Foto-24-Streife-by-Iseris-art-Kopie.jpg\" class=\"advgb-image-slider-img\" style=\"width:100%;height:auto\"\/><div class=\"advgb-image-slider-item-info\" style=\"justify-content:center;align-items:center\"><\/div><\/div><\/div><\/div>\n\n\n<div class=\"wp-block-lazyblock-social-media-bar lazyblock-social-media-bar-1TdHiL\"><div class=\"social-media-bar\">\n  <div class=\"social-media-link\">\n    <a href=\"https:\/\/www.facebook.com\/FaunOfficial\/\" target=\"_blank\">\n      <img src=\"http:\/\/faune.de\/wp-content\/uploads\/2020\/03\/iconmonstr-facebook-1-e1583080701252.png\" alt=\"Faun on Facebook\">\n    <\/a>\n  <\/div>\n  <div class=\"social-media-link\">\n    <a href=\"https:\/\/www.instagram.com\/faunofficial\/\" target=\"_blank\">\n      <img src=\"http:\/\/faune.de\/wp-content\/uploads\/2020\/03\/iconmonstr-instagram-11-e1583080724898.png\" alt=\"Faun on Instagram\">\n    <\/a>\n  <\/div>\n  <div class=\"social-media-link\">\n    <a href=\"https:\/\/open.spotify.com\/artist\/2wPOgnQ6eW3X73uIJZ4YFE\" target=\"_blank\">\n      <img src=\"http:\/\/faune.de\/wp-content\/uploads\/2020\/03\/iconmonstr-spotify-1-e1583080718378.png\" alt=\"Faun on Spotify\">\n    <\/a>\n  <\/div>\n  <div class=\"social-media-link\">\n    <a href=\"https:\/\/twitter.com\/#!\/FaunOfficial\" target=\"_blank\">\n      <img src=\"http:\/\/faune.de\/wp-content\/uploads\/2020\/03\/iconmonstr-twitter-1-e1583080682108.png\" alt=\"Faun on Twitter\">\n    <\/a>\n  <\/div>\n    <div class=\"social-media-link\">\n    <a href=\"https:\/\/www.youtube.com\/channel\/UCxWwz-uZkTNwEM_duLUrWkQ\" target=\"_blank\">\n      <img src=\"http:\/\/faune.de\/wp-content\/uploads\/2020\/03\/iconmonstr-youtube-6-e1583080711170.png\" alt=\"Faun on Youtube\">\n    <\/a>\n  <\/div>\n<\/div><\/div>\n\n<div class=\"wp-block-lazyblock-page-section lazyblock-page-section-150F2K\">\n\n<section class=\"faunSection parallaxImage__wrapper\" id=\"150F2K\" style=\"background-image: url('')\">\n\t<div class=\"top-braid\">\n\t\t<div class=\"top-braid-left\">\n\t\t\t<img src=\"http:\/\/new.faune.de\/wp-content\/uploads\/2020\/02\/borte_oben_links_gold_optimized.png\">\n\t\t<\/div>\n\t\t<div class=\"top-braid-right\">\n\t\t\t<img src=\"http:\/\/new.faune.de\/wp-content\/uploads\/2020\/02\/borte_oben_rechts_gold_optimized.png\">\n\t\t<\/div>\n\n\t\t<div style=\"clear: both\"><\/div>\n\t<\/div>\n  <div class=\"inner-block\">\n      <h2 class=\"faunSection__headline\">Oliver Satyr<\/h2>\n    \n\n<div class=\"wp-block-media-text alignwide has-media-on-the-right\"><figure class=\"wp-block-media-text__media\"><img width=\"783\" height=\"1024\" src=\"https:\/\/faune.de\/wp-content\/uploads\/2022\/01\/Oliver-by-Iseris-art.de-Kopie-min-783x1024.jpg\" alt=\"\" class=\"wp-image-199190 size-full\" srcset=\"https:\/\/faune.de\/wp-content\/uploads\/2022\/01\/Oliver-by-Iseris-art.de-Kopie-min-783x1024.jpg 783w, https:\/\/faune.de\/wp-content\/uploads\/2022\/01\/Oliver-by-Iseris-art.de-Kopie-min-229x300.jpg 229w, https:\/\/faune.de\/wp-content\/uploads\/2022\/01\/Oliver-by-Iseris-art.de-Kopie-min-768x1005.jpg 768w, https:\/\/faune.de\/wp-content\/uploads\/2022\/01\/Oliver-by-Iseris-art.de-Kopie-min-1174x1536.jpg 1174w, https:\/\/faune.de\/wp-content\/uploads\/2022\/01\/Oliver-by-Iseris-art.de-Kopie-min-1565x2048.jpg 1565w, https:\/\/faune.de\/wp-content\/uploads\/2022\/01\/Oliver-by-Iseris-art.de-Kopie-min-scaled.jpg 1920w\" sizes=\"(max-width: 783px) 100vw, 783px\" \/><\/figure><div class=\"wp-block-media-text__content\">\n<p>Organisatorische Leitung der Gruppe \u201cFAUN\u201d.<br>Musiker, Poet und Animist. M.A. (Magister Artium) der Literatur des Mittelalters.<br>Seit \u00fcber 25 Jahren musikalische Erfahrung und zahlreiche Fortbildungen an Saiten- und Streichinstrumenten.T\u00e4tigkeit als Studiomusiker u.a. f\u00fcr Mediaeval Baebes, Eluveitie, Celtic Women, Corvus Corax, Schandmaul, uvm.&nbsp;<\/p>\n\n\n\n<p>Neben FAUN Ver\u00f6ffentlichung der CDs: \u201eKAUNAN &#8211; Forn\u201c&nbsp; 2017 \/ \u201eFOLK NOIR &#8211;&nbsp; Songs from home\u201c 2013 \/&nbsp; \u201eSAVA &#8211; Metamorphosis\u201c 2008 &#038;\u201eAire\u201c 2004<br><br>Au\u00dferdem aktive T\u00e4tigkeit mit den Gruppen:<br><a href=\"http:\/\/www.kaunan.eu\/\">KAUNAN<\/a> (nordic folk) und <a rel=\"noreferrer noopener\" href=\"https:\/\/www.folk-noir.com\/\" target=\"_blank\">FOLK NOIR<\/a>&nbsp;(dark folk)<br>Ver\u00f6ffentlichung der Gedichtb\u00e4nde \u201cnach hinterh\u00fcgelland\u201d 1998 (vergriffen) und \u201cMeere\u201d 2007.&nbsp;<br>1997 Literaturstipendium der Landeshauptstadt M\u00fcnchen. (Leonhard und Ida Wolf Ged\u00e4chtnispreis.)<br>Von 1997-2001 aktive T\u00e4tigkeit und sp\u00e4ter Leitung der Zirkus- und Aktionstheatergruppe \u201cGermars Gaukler\u201d.<\/p>\n\n\n\n<p>Instrumente:&nbsp;Gesang, Irish Bouzouki, Moraharpa, Liuto Forte, keltische Harfe, Mandora, Kontrabasharpa, Nyckelharpa<\/p>\n<\/div><\/div>\n\n\n\n<div class=\"wp-block-media-text alignwide\"><figure class=\"wp-block-media-text__media\"><img width=\"1024\" height=\"753\" src=\"https:\/\/faune.de\/wp-content\/uploads\/2022\/01\/olli-1024x753.jpeg\" alt=\"\" class=\"wp-image-204479 size-full\" srcset=\"https:\/\/faune.de\/wp-content\/uploads\/2022\/01\/olli-1024x753.jpeg 1024w, https:\/\/faune.de\/wp-content\/uploads\/2022\/01\/olli-300x221.jpeg 300w, https:\/\/faune.de\/wp-content\/uploads\/2022\/01\/olli-768x565.jpeg 768w, https:\/\/faune.de\/wp-content\/uploads\/2022\/01\/olli-1536x1130.jpeg 1536w, https:\/\/faune.de\/wp-content\/uploads\/2022\/01\/olli.jpeg 1654w\" sizes=\"(max-width: 1024px) 100vw, 1024px\" \/><\/figure><div class=\"wp-block-media-text__content\">\n<p><strong>Gina Wetzel &#038; Oliver Satyr &#8211; FEENGOLD<\/strong><br>Illustriertes Hardcoverbuch mit Audio CD.Mit Illustrationen, Liedern und Instrumentalst\u00fccken versuchen Gina Wetzel (Artwork) und Oliver Satyr (Texte und Musik) hier in das geheime Innere von M\u00e4rchen und Balladen Einblick zu gew\u00e4hren. Eine magische Reise mit 42 Illustrationen, M\u00e4rchenzitaten, zwei Liedern, sieben Instrumentalst\u00fccken und sechs gesprochenen M\u00e4rchen.Zu bestellen unter:&nbsp;<a rel=\"noreferrer noopener\" href=\"http:\/\/www.ginawetzel.com\/\" target=\"_blank\">http:\/\/www.ginawetzel.com\/<\/a><\/p>\n<\/div><\/div>\n\n\n\n<div class=\"wp-block-media-text alignwide has-media-on-the-right\"><figure class=\"wp-block-media-text__media\"><img width=\"600\" height=\"411\" src=\"http:\/\/new.faune.de\/wp-content\/uploads\/2020\/03\/oliver-portrait-wanderlust.jpg\" alt=\"\" class=\"wp-image-427 size-full\" srcset=\"https:\/\/faune.de\/wp-content\/uploads\/2020\/03\/oliver-portrait-wanderlust.jpg 600w, https:\/\/faune.de\/wp-content\/uploads\/2020\/03\/oliver-portrait-wanderlust-300x206.jpg 300w\" sizes=\"(max-width: 600px) 100vw, 600px\" \/><\/figure><div class=\"wp-block-media-text__content\">\n<p>\nOliver s. Tyr &#8211; WANDERLUST<br>\nErz\u00e4hlungen, Gedichte &#038; Photographien<br><br>\nIm Eigenverlag hat Oliver s. Tyr im Sommer 2016 dieses Buch \nver\u00f6ffentlicht, welches den Leser in lustigen und oftmals skurrilen \nAnekdoten, aber auch in poetischen Detailaufnahmen, an Oliver s. Tyrs \nReisen als Musiker und Suchender teilnehmen l\u00e4sst. Wanderlust berichtet \nvon magischen Orten und versteht es die Wunder, aber auch die Kehrseiten\n unserer modernen Welt mit einer paganen Sichtweise begreifbar zu \nmachen. WANDERLUST ist nur beim CD Stand bei FAUN Konzerten erh\u00e4ltlich.\n\n<\/p>\n<\/div><\/div>\n\n\n\n<div class=\"wp-block-media-text alignwide\"><figure class=\"wp-block-media-text__media\"><img width=\"295\" height=\"220\" src=\"http:\/\/new.faune.de\/wp-content\/uploads\/2020\/03\/oliver-portrait-meere.png\" alt=\"\" class=\"wp-image-428 size-full\"\/><\/figure><div class=\"wp-block-media-text__content\">\n<p>\nOliver s. Tyr &#8211; M E E R E<br>\nGedichte<br><br>\nOliver s. Tyr hat im Juni 2010 die Neuauflage seines zweiten Gedichtbandes im Eigenverlag ver\u00f6ffentlicht.<br>\nDieser enth\u00e4lt zahlreiche Gedichte, wie auch Songtexte und ist ausschliesslich bei Konzerten von FAUN zu beziehen.\n\n<\/p>\n<\/div><\/div>\n\n\n\n<h3>&#8211; Pers\u00f6nliche Fragen &#8211;<\/h3>\n\n\n\n<p><strong>1.<\/strong> <strong>FAUN hat so viele wundervolle Songs &#8211; wenn du einen w\u00e4hlen m\u00fcsstest &#8211; welcher w\u00e4re dein Favorit?<\/strong><br><strong>Oliver Satyr:<\/strong> <em>Eine schwierige Frage, weil man jeden der kleinen Bengel irgendwie lieb hat. Ausserdem m\u00fcsste man hier zwischen Konzert und CD unterscheiden. Live gibt es gewisse Lieder, die ich einfach bei einem Konzert gespielt haben muss, sonst f\u00fchlt es sich nicht rund an, wie z.B. \u201eAlba\u201c. Zu meinen Favoriten auf FAUN CDs z\u00e4hlen wahrscheinlich \u201eMacBeth\u201c und \u201eHagazussa\u201c.<\/em><\/p>\n\n\n\n<p><strong>2. <\/strong> <strong>F\u00fcr so manches Lied oder Album taucht ihr in alte Traditionen, ferne L\u00e4nder und vergessene Sprachen. Wo f\u00e4ngt diese Reise an und wo findet man das umfangreiche Hintergrundwissen?<\/strong><br><strong>Oliver Satyr:<\/strong> <em>Wichtig f\u00fcr mich ist, dass das Thema eines Albums durch Begegnungen und eigene Erlebnisse initiiert worden ist. Nur in Bibliotheken Lieder zu erarbeiten &#8211; das w\u00e4re zu trocken und zu unemotional. Wenn man aber einen pers\u00f6nlichen Zugang zu einem Thema hat, dann liebe ich es, mich mit zahlreichen B\u00fcchern tief in ein Thema einzulesen. Aber nicht nur B\u00fccher, sondern auch Experten sind wichtig. Z.B. im Fall von der CD \u201eMidgard\u201c &#8211; hier haben wir viel mit Leuten zusammen gearbeitet, welche sich sehr gut in der germanischer Folklore und Mythologie auskennen.<\/em><\/p>\n\n\n\n<p><strong>3. Wie viele Instrumente spielst du und auf welchem musizierst du am<br>liebsten?<\/strong><br><strong>Oliver Satyr:<\/strong> <em>Die Antwort m\u00fcsste man wahrscheinlich st\u00e4ndig aktualisieren, weil ich sehr oft Instrumente kaufe und wieder verkaufe. Momentan habe ich so ca. 20 Instrumente zu Hause, welche ich aktiv spiele. Ich habe mich aber auf Saiten und Streichinstrumente spezialisiert, welche einander sehr \u00e4hnlich sind. Daher klingt die Zahl imposanter als sie ist, weil viele Instrumente sehr \u00e4hnlich zu spielen sind. Momentan spiele ich am meisten auf einer Fr\u00fchform der schwedischen \u201eNyckelharpa\u201c, einer \u201eKontrabasharpa\u201c und auf einer \u201eirischen Bouzouki\u201c. Generell haben es mir die schwedische Folkmusik und die schwedische Folk-Instrumente sehr angetan. Was ausserdem wichtig f\u00fcr mich ist, ist eine offene Stimmung oder ein <em>Bordun, damit der Klang m\u00f6glichst alt und archaisch ist.<\/em><\/em><\/p>\n\n\n\n<p><em><strong>4. <strong>H\u00e4ttest du einen magischen Spiegel &#8211; was w\u00fcrdest du damit sehen wollen?<\/strong><\/strong><br><\/em><strong>Oliver Satyr:<\/strong> <em>Nicht die Zukunft. Ich bin Optimist und finde es wichtig seinen<br>Tr\u00e4umen zu folgen, auch wenn manche davon nirgendwohin f\u00fchren m\u00f6gen.<\/em><\/p>\n\n\n\n<p><em><strong>5. <\/strong><\/em><strong>Was hat deine Neugier zum Mittelalter geweckt und dich dazu inspiriert,dies in Musik einflie\u00dfen zu lassen?<\/strong><em><br><\/em><strong>Oliver Satyr:<\/strong> <em>Das fing wahrscheinlich mit meiner Begeisterung f\u00fcr Fantasy Literatur und die heimischen W\u00e4lder an. Im Teenager-Alter hat mir dann mein Musiklehrer zwei CDs mit alter Musik geliehen, welche ich rauf und runter geh\u00f6rt habe. Ich hatte bereits Gitarre gespielt und statt in Diskos zu gehen verbrachte ich meine Abende lieber im Wald am Feuer und sang Balladen von Wasserm\u00e4nnern und Trollweibern. Noch w\u00e4hrend der Schulzeit bin ich dann einer mittelalterlichen Gaukler Truppe beigetreten, welche mit Jonglage, Theater und Feuershows auf ca. 15 Mittelalterm\u00e4rkten pro Jahr aufgetreten ist. Sp\u00e4testens da war es um mich geschehen.<\/em><\/p>\n\n\n  <\/div>\n<\/section><\/div>","protected":false},"excerpt":{"rendered":"","protected":false},"author":1,"featured_media":0,"parent":0,"menu_order":0,"comment_status":"closed","ping_status":"closed","template":"","meta":{"advgb_blocks_editor_width":"","advgb_blocks_columns_visual_guide":"","ngg_post_thumbnail":0},"coauthors":[],"author_meta":{"author_link":"https:\/\/faune.de\/de\/author\/angry\/","display_name":"angry"},"relative_dates":{"created":"Posted 6 Jahren ago","modified":"Updated 2 Jahren ago"},"absolute_dates":{"created":"Posted on Februar 29, 2020","modified":"Updated on Juni 19, 2024"},"absolute_dates_time":{"created":"Posted on Februar 29, 2020 10:14 am","modified":"Updated on Juni 19, 2024 2:40 pm"},"featured_img_caption":"","_links":{"self":[{"href":"https:\/\/faune.de\/de\/wp-json\/wp\/v2\/pages\/358"}],"collection":[{"href":"https:\/\/faune.de\/de\/wp-json\/wp\/v2\/pages"}],"about":[{"href":"https:\/\/faune.de\/de\/wp-json\/wp\/v2\/types\/page"}],"author":[{"embeddable":true,"href":"https:\/\/faune.de\/de\/wp-json\/wp\/v2\/users\/1"}],"replies":[{"embeddable":true,"href":"https:\/\/faune.de\/de\/wp-json\/wp\/v2\/comments?post=358"}],"version-history":[{"count":40,"href":"https:\/\/faune.de\/de\/wp-json\/wp\/v2\/pages\/358\/revisions"}],"predecessor-version":[{"id":692478,"href":"https:\/\/faune.de\/de\/wp-json\/wp\/v2\/pages\/358\/revisions\/692478"}],"wp:attachment":[{"href":"https:\/\/faune.de\/de\/wp-json\/wp\/v2\/media?parent=358"}],"curies":[{"name":"wp","href":"https:\/\/api.w.org\/{rel}","templated":true}]}}