{"id":360,"date":"2020-02-29T10:14:40","date_gmt":"2020-02-29T10:14:40","guid":{"rendered":"http:\/\/new.faune.de\/?page_id=360"},"modified":"2024-06-19T14:41:11","modified_gmt":"2024-06-19T14:41:11","slug":"adaya-3","status":"publish","type":"page","link":"https:\/\/faune.de\/de\/adaya-3\/","title":{"rendered":"Adaya"},"content":{"rendered":"\n<div class=\"wp-block-advgb-images-slider advgb-images-slider-block\"><div class=\"advgb-images-slider\" dir=\"ltr\"><div class=\"advgb-image-slider-item\"><img src=\"https:\/\/faune.de\/wp-content\/uploads\/2024\/06\/FAUN-Foto-24-Streife-by-Iseris-art-Kopie.jpg\" class=\"advgb-image-slider-img\" style=\"width:100%;height:auto\"\/><div class=\"advgb-image-slider-item-info\" style=\"justify-content:center;align-items:center\"><\/div><\/div><\/div><\/div>\n\n\n<div class=\"wp-block-lazyblock-social-media-bar lazyblock-social-media-bar-1D53Kf\"><div class=\"social-media-bar\">\n  <div class=\"social-media-link\">\n    <a href=\"https:\/\/www.facebook.com\/FaunOfficial\/\" target=\"_blank\">\n      <img src=\"http:\/\/faune.de\/wp-content\/uploads\/2020\/03\/iconmonstr-facebook-1-e1583080701252.png\" alt=\"Faun on Facebook\">\n    <\/a>\n  <\/div>\n  <div class=\"social-media-link\">\n    <a href=\"https:\/\/www.instagram.com\/faunofficial\/\" target=\"_blank\">\n      <img src=\"http:\/\/faune.de\/wp-content\/uploads\/2020\/03\/iconmonstr-instagram-11-e1583080724898.png\" alt=\"Faun on Instagram\">\n    <\/a>\n  <\/div>\n  <div class=\"social-media-link\">\n    <a href=\"https:\/\/open.spotify.com\/artist\/2wPOgnQ6eW3X73uIJZ4YFE\" target=\"_blank\">\n      <img src=\"http:\/\/faune.de\/wp-content\/uploads\/2020\/03\/iconmonstr-spotify-1-e1583080718378.png\" alt=\"Faun on Spotify\">\n    <\/a>\n  <\/div>\n  <div class=\"social-media-link\">\n    <a href=\"https:\/\/twitter.com\/#!\/FaunOfficial\" target=\"_blank\">\n      <img src=\"http:\/\/faune.de\/wp-content\/uploads\/2020\/03\/iconmonstr-twitter-1-e1583080682108.png\" alt=\"Faun on Twitter\">\n    <\/a>\n  <\/div>\n    <div class=\"social-media-link\">\n    <a href=\"https:\/\/www.youtube.com\/channel\/UCxWwz-uZkTNwEM_duLUrWkQ\" target=\"_blank\">\n      <img src=\"http:\/\/faune.de\/wp-content\/uploads\/2020\/03\/iconmonstr-youtube-6-e1583080711170.png\" alt=\"Faun on Youtube\">\n    <\/a>\n  <\/div>\n<\/div><\/div>\n\n<div class=\"wp-block-lazyblock-page-section lazyblock-page-section-ZcFGPw\">\n\n<section class=\"faunSection parallaxImage__wrapper\" id=\"ZcFGPw\" style=\"background-image: url('')\">\n\t<div class=\"top-braid\">\n\t\t<div class=\"top-braid-left\">\n\t\t\t<img src=\"http:\/\/new.faune.de\/wp-content\/uploads\/2020\/02\/borte_oben_links_gold_optimized.png\">\n\t\t<\/div>\n\t\t<div class=\"top-braid-right\">\n\t\t\t<img src=\"http:\/\/new.faune.de\/wp-content\/uploads\/2020\/02\/borte_oben_rechts_gold_optimized.png\">\n\t\t<\/div>\n\n\t\t<div style=\"clear: both\"><\/div>\n\t<\/div>\n  <div class=\"inner-block\">\n      <h2 class=\"faunSection__headline\">Adaya De Ba\u00efracli Levy<\/h2>\n    \n\n<div class=\"wp-block-media-text alignwide has-media-on-the-right\"><figure class=\"wp-block-media-text__media\"><img width=\"890\" height=\"1024\" src=\"https:\/\/faune.de\/wp-content\/uploads\/2022\/01\/Adaya-by-Iseris-art.de-Kopie-min-890x1024.jpg\" alt=\"\" class=\"wp-image-199182 size-full\" srcset=\"https:\/\/faune.de\/wp-content\/uploads\/2022\/01\/Adaya-by-Iseris-art.de-Kopie-min-890x1024.jpg 890w, https:\/\/faune.de\/wp-content\/uploads\/2022\/01\/Adaya-by-Iseris-art.de-Kopie-min-261x300.jpg 261w, https:\/\/faune.de\/wp-content\/uploads\/2022\/01\/Adaya-by-Iseris-art.de-Kopie-min-768x884.jpg 768w, https:\/\/faune.de\/wp-content\/uploads\/2022\/01\/Adaya-by-Iseris-art.de-Kopie-min-1335x1536.jpg 1335w, https:\/\/faune.de\/wp-content\/uploads\/2022\/01\/Adaya-by-Iseris-art.de-Kopie-min-1780x2048.jpg 1780w, https:\/\/faune.de\/wp-content\/uploads\/2022\/01\/Adaya-by-Iseris-art.de-Kopie-min.jpg 1913w\" sizes=\"(max-width: 890px) 100vw, 890px\" \/><\/figure><div class=\"wp-block-media-text__content\">\n<p>Adaya\u2019s Kindheit wurde gepr\u00e4gt von ihrer multikulturellen Familie und einem nahen Bezug zu Griechenland und der griechischen Musik. Zu fr\u00fcher Zeit war sie schon mit ihrem Folk Projekt &#8220;Pan&#8221; t\u00e4tig und spielte Strassenmusik.<br>Doch wurde sie immer wieder von der Folkmusik aus Irland, England und Schottland angezogen &#8211; auch wuchs ihre Faszination f\u00fcr die Musik des Mittelalters und der Renaissance von Jahr zu Jahr.<br>Adaya wurde schnell bewusst, dass die \u00fcblichen musikalischen Studien in den Bereichen Jazz, Pop und Klassik f\u00fcr sie nicht infrage k\u00e4men und sie sich lieber von den Kl\u00e4ngen der Welt inspirieren lassen wollte &#8211; in Form von Reisen.<br>Von diesem Moment an wuchs Adaya&#8217;s Repertoire &#8211; Projekte wie &#8220;Aywa&#8221; und &#8220;Kel Amrun&#8221; kamen hinzu und Konzerte h\u00e4uften sich.<br>Ihren Drang, verschiedene Instrumente zu erlernen, konnte sie nur schwer zu stillen und so brachte sie sich etappenweise Harfe, Banjo, Dudelsack, Gitarre, Fl\u00f6te, Lyra &#8211; und noch weitere &#8211; selbst bei.<br>Im Jahr 2017 ver\u00f6ffentlichte sie ihr erstes Solo Album &#8220;The Other Side&#8221; und wenige Jahre sp\u00e4ter &#8220;New Land&#8221;.<br>Noch heute ist sie nebst Faun mit ihrem Soloprojekt &#8220;Adaya&#8221; t\u00e4tig.<\/p>\n\n\n\n<p><br> <br>Instrumente: Gesang, Fl\u00f6te, Dudelsack, Banjola, Harfe, Lyra<br> <\/p>\n<\/div><\/div>\n\n\n  <\/div>\n<\/section><\/div>\n\n\n<div class=\"wp-block-group\"><div class=\"wp-block-group__inner-container\"><\/div><\/div>\n\n\n<div class=\"wp-bootstrap-blocks-container container mb-2\">\n\t\n\n<h3>&#8211; Pers\u00f6nliche Fragen &#8211;<\/h3>\n\n\n\n<p><strong>1.<\/strong> <strong>FAUN hat so viele wundervolle Songs &#8211; wenn du einen w\u00e4hlen m\u00fcsstest &#8211; welcher w\u00e4re dein Favorit?<\/strong><br><em><strong>Adaya: <\/strong>Es sind wirklich viele Favoriten&#8230; HEKATE geh\u00f6rt ganz bestimmt dazu!<\/em><\/p>\n\n\n\n<p><strong>2. <\/strong> <strong>H\u00e4ttest du einen magischen Spiegel &#8211; was w\u00fcrdest du damit sehen wollen? <\/strong><br><em><strong>Adaya:<\/strong> Ich w\u00fcrde ganz, ganz weit zur\u00fcck in die Vergangenheit sehen wollen. Sogar bis in pr\u00e4historische Zeiten! Wir wissen so wenig dar\u00fcber.<\/em><\/p>\n\n\n\n<p><strong>3. <\/strong> <strong>Wo kommt deine Leidenschaft f\u00fcr Fl\u00f6ten und Dudelsack her und hast du<\/strong> <strong>ein Lieblingsinstrument?<\/strong><br><em><strong>Adaya: <\/strong>Die Fl\u00f6te war mein allererstes Instrument, als ich noch ganz klein war. Sie kam \u00fcberall mit! Dudelsack habe ich in der Berner Altstadt zum ersten mal von zwei Strassenk\u00fcnstlern spielen geh\u00f6rt. Ihre berauschenden Kl\u00e4nge faszinierten mich sofort und ich wollte tiefer in diese archaische Musik eintauchen. Da baute ich mir ziemlich schnell einen mit Hilfe eines Freundes und ich schloss mich den Musikern an.<\/em><\/p>\n\n\n\n<p><em><strong>4. <strong>Hast du ein Lieblingszitat oder Sprichwort, welches dich immer wieder inspiriert?<\/strong><\/strong><br><strong>Adaya: <\/strong>Alles ist m\u00f6glich.<\/em><\/p>\n\n\n\n<p><em><strong>5. <strong>Wie bringst du dein Berufsleben als Musikerin in Einklang mit deinem Privatleben &#8211; ist das manchmal schwer?<\/strong><\/strong><br><strong>Adaya: <\/strong>Ich sehe die Musik als mein Beruf, daher ist es eigentlich normal dass es viel Zeit in Anspruch nimmt. Das ist bei anderen Professionen nicht viel anders, ausser mit dem Unterschied das man eben nicht nur an einem Ort bleibt. Manchmal schleicht mich ein schlechtes Gewissen an und die Angst, f\u00fcr meinen Sohn nicht genug da zu sein. Aber dann erinnere ich mich daran, dass er viel gl\u00fccklicher mit einer erf\u00fcllten Mutter ist, als mit einer gebrochenen, die ihren Traum nicht lebt. Es gibt nichts sch\u00f6neres als das zu tun, was einem liegt. In meinem Fall eben Musik.<\/em><\/p>\n\n\n\n<p><\/p>\n\n<\/div>\n","protected":false},"excerpt":{"rendered":"","protected":false},"author":1,"featured_media":0,"parent":0,"menu_order":0,"comment_status":"closed","ping_status":"closed","template":"","meta":{"advgb_blocks_editor_width":"","advgb_blocks_columns_visual_guide":"","ngg_post_thumbnail":0},"coauthors":[],"author_meta":{"author_link":"https:\/\/faune.de\/de\/author\/angry\/","display_name":"angry"},"relative_dates":{"created":"Posted 6 Jahren ago","modified":"Updated 2 Jahren ago"},"absolute_dates":{"created":"Posted on Februar 29, 2020","modified":"Updated on Juni 19, 2024"},"absolute_dates_time":{"created":"Posted on Februar 29, 2020 10:14 am","modified":"Updated on Juni 19, 2024 2:41 pm"},"featured_img_caption":"","_links":{"self":[{"href":"https:\/\/faune.de\/de\/wp-json\/wp\/v2\/pages\/360"}],"collection":[{"href":"https:\/\/faune.de\/de\/wp-json\/wp\/v2\/pages"}],"about":[{"href":"https:\/\/faune.de\/de\/wp-json\/wp\/v2\/types\/page"}],"author":[{"embeddable":true,"href":"https:\/\/faune.de\/de\/wp-json\/wp\/v2\/users\/1"}],"replies":[{"embeddable":true,"href":"https:\/\/faune.de\/de\/wp-json\/wp\/v2\/comments?post=360"}],"version-history":[{"count":41,"href":"https:\/\/faune.de\/de\/wp-json\/wp\/v2\/pages\/360\/revisions"}],"predecessor-version":[{"id":692481,"href":"https:\/\/faune.de\/de\/wp-json\/wp\/v2\/pages\/360\/revisions\/692481"}],"wp:attachment":[{"href":"https:\/\/faune.de\/de\/wp-json\/wp\/v2\/media?parent=360"}],"curies":[{"name":"wp","href":"https:\/\/api.w.org\/{rel}","templated":true}]}}