{"id":364,"date":"2020-02-29T10:15:02","date_gmt":"2020-02-29T10:15:02","guid":{"rendered":"http:\/\/new.faune.de\/?page_id=364"},"modified":"2024-06-19T14:40:59","modified_gmt":"2024-06-19T14:40:59","slug":"laura","status":"publish","type":"page","link":"https:\/\/faune.de\/de\/laura\/","title":{"rendered":"Laura"},"content":{"rendered":"\n<div class=\"wp-block-advgb-images-slider advgb-images-slider-block\"><div class=\"advgb-images-slider\" dir=\"ltr\"><div class=\"advgb-image-slider-item\"><img src=\"https:\/\/faune.de\/wp-content\/uploads\/2024\/06\/FAUN-Foto-24-Streife-by-Iseris-art-Kopie.jpg\" class=\"advgb-image-slider-img\" style=\"width:100%;height:auto\"\/><div class=\"advgb-image-slider-item-info\" style=\"justify-content:center;align-items:center\"><\/div><\/div><\/div><\/div>\n\n\n<div class=\"wp-block-lazyblock-social-media-bar lazyblock-social-media-bar-Z14g69p\"><div class=\"social-media-bar\">\n  <div class=\"social-media-link\">\n    <a href=\"https:\/\/www.facebook.com\/FaunOfficial\/\" target=\"_blank\">\n      <img src=\"http:\/\/faune.de\/wp-content\/uploads\/2020\/03\/iconmonstr-facebook-1-e1583080701252.png\" alt=\"Faun on Facebook\">\n    <\/a>\n  <\/div>\n  <div class=\"social-media-link\">\n    <a href=\"https:\/\/www.instagram.com\/faunofficial\/\" target=\"_blank\">\n      <img src=\"http:\/\/faune.de\/wp-content\/uploads\/2020\/03\/iconmonstr-instagram-11-e1583080724898.png\" alt=\"Faun on Instagram\">\n    <\/a>\n  <\/div>\n  <div class=\"social-media-link\">\n    <a href=\"https:\/\/open.spotify.com\/artist\/2wPOgnQ6eW3X73uIJZ4YFE\" target=\"_blank\">\n      <img src=\"http:\/\/faune.de\/wp-content\/uploads\/2020\/03\/iconmonstr-spotify-1-e1583080718378.png\" alt=\"Faun on Spotify\">\n    <\/a>\n  <\/div>\n  <div class=\"social-media-link\">\n    <a href=\"https:\/\/twitter.com\/#!\/FaunOfficial\" target=\"_blank\">\n      <img src=\"http:\/\/faune.de\/wp-content\/uploads\/2020\/03\/iconmonstr-twitter-1-e1583080682108.png\" alt=\"Faun on Twitter\">\n    <\/a>\n  <\/div>\n    <div class=\"social-media-link\">\n    <a href=\"https:\/\/www.youtube.com\/channel\/UCxWwz-uZkTNwEM_duLUrWkQ\" target=\"_blank\">\n      <img src=\"http:\/\/faune.de\/wp-content\/uploads\/2020\/03\/iconmonstr-youtube-6-e1583080711170.png\" alt=\"Faun on Youtube\">\n    <\/a>\n  <\/div>\n<\/div><\/div>\n\n<div class=\"wp-block-lazyblock-page-section lazyblock-page-section-ZOa4nm\">\n\n<section class=\"faunSection parallaxImage__wrapper\" id=\"ZOa4nm\" style=\"background-image: url('')\">\n\t<div class=\"top-braid\">\n\t\t<div class=\"top-braid-left\">\n\t\t\t<img src=\"http:\/\/new.faune.de\/wp-content\/uploads\/2020\/02\/borte_oben_links_gold_optimized.png\">\n\t\t<\/div>\n\t\t<div class=\"top-braid-right\">\n\t\t\t<img src=\"http:\/\/new.faune.de\/wp-content\/uploads\/2020\/02\/borte_oben_rechts_gold_optimized.png\">\n\t\t<\/div>\n\n\t\t<div style=\"clear: both\"><\/div>\n\t<\/div>\n  <div class=\"inner-block\">\n      <h2 class=\"faunSection__headline\">Laura Fella<\/h2>\n    \n\n<div class=\"wp-block-media-text alignwide has-media-on-the-right\"><figure class=\"wp-block-media-text__media\"><img width=\"750\" height=\"1024\" src=\"https:\/\/faune.de\/wp-content\/uploads\/2022\/01\/Laura-by-Iseris-art.de-Kopie-min-750x1024.jpg\" alt=\"\" class=\"wp-image-199185 size-full\" srcset=\"https:\/\/faune.de\/wp-content\/uploads\/2022\/01\/Laura-by-Iseris-art.de-Kopie-min-750x1024.jpg 750w, https:\/\/faune.de\/wp-content\/uploads\/2022\/01\/Laura-by-Iseris-art.de-Kopie-min-220x300.jpg 220w, https:\/\/faune.de\/wp-content\/uploads\/2022\/01\/Laura-by-Iseris-art.de-Kopie-min-768x1049.jpg 768w, https:\/\/faune.de\/wp-content\/uploads\/2022\/01\/Laura-by-Iseris-art.de-Kopie-min-1125x1536.jpg 1125w, https:\/\/faune.de\/wp-content\/uploads\/2022\/01\/Laura-by-Iseris-art.de-Kopie-min-1500x2048.jpg 1500w, https:\/\/faune.de\/wp-content\/uploads\/2022\/01\/Laura-by-Iseris-art.de-Kopie-min-scaled.jpg 1875w\" sizes=\"(max-width: 750px) 100vw, 750px\" \/><\/figure><div class=\"wp-block-media-text__content\">\n<p>\n\t\t\t\t\t\tSeit 2017 bei FAUN<br><br>\n\t\t\t\t\t\tLaura war bereits seit dem Kindesalter im Schulchor, sp\u00e4ter dann \nin kleinen Musikrunden aktiv und hegte immer eine gro\u00dfe Leidenschaft f\u00fcr\n Folk (vor allem skandinavischen). Sp\u00e4ter wurde sie dann Teil der \nGarage- Rock Band \u201eMrs. Robert Cube\u201c, mit der sie u.a. ein Studioalbum \naufnahm. Neben einer klassischen Grundausbildung in Gesang und st\u00e4ndigen\n Weiterbildungen half vor allem die Mitarbeit an mehreren \nStudioprojekten unz\u00e4hlige Erfahrungen zu sammeln. Aber vor allem \nNordische und Irische Melodien sind das, was ihren Stil pr\u00e4gen. Nebenbei\n lernte sie Bass und seit einiger Zeit verspielt sie ihr Herzblut auch \nan einer Mandola.<br><br>Instrumente: Gesang, Rahmentrommel &#038; Mandola\n\n<\/p>\n<\/div><\/div>\n\n\n\n<h3>&#8211; Pers\u00f6nliche Fragen &#8211;<\/h3>\n\n\n\n<p><strong>1.<\/strong> <strong>Woher bezieht ihr eure fantastische Kleidung bzw. wer fertigt diese f\u00fcr euch an?<\/strong><br><em><strong>Laura:<\/strong> Das ist ganz unterschiedlich. Sehr vieles von dem, was ich auf der B\u00fchne trage, habe ich tats\u00e4chlich selbst gen\u00e4ht oder irgendwie hergestellt. Ansonsten stolper ich sehr oft auf wundervolle Dinge auf Flohm\u00e4rkten oder bei K\u00fcnstlern. Mir ist wirklich wichtig, dass alles so nachhaltig wie m\u00f6glich, oder von kleinen L\u00e4den oder Herstellern kommt, und keine Fast Fashion ist. Das macht es dann auch automatisch besonderer, weil es halt keine Massenware ist.<br>Im Gro\u00dfen und Ganzen kann man also sagen, ich trage eine Kombination aus ganz kunterbunter Herkunft.<\/em><\/p>\n\n\n\n<p><strong>2. <\/strong> <strong>Wie stehst du zum Thema \u201eNaturverbundenheit\u201c und was bedeutet es f\u00fcr dich pers\u00f6nlich?<\/strong><br><strong>Laura: <\/strong><em>Die Natur ist f\u00fcr mich die Verbindung zu allem, aber auch zu uns selbst. Hier finden wir die Antworten auf unsere Fragen, aber auch Trost und Heimat. Wir sind Teil der Natur und sollten uns das &#8211; in unserer schnellen, kalten Welt &#8211; immer wieder ins Ged\u00e4chtnis rufen, denn wir brauchen sie!<\/em><\/p>\n\n\n\n<p><strong>3. Findet das Arbeiten an einem Songtext eher im stillen K\u00e4mmerlein statt oder schmiedet ihr zusammen an den richtigen Worten und Rhythmus?<\/strong><br><strong>Laura:<\/strong> I<em>ch w\u00fcrde sagen, dass das von Song zu Song unterschiedlich ist. An manch einem Liedtext arbeitet manch einer jahrelang und bringt ihn zur Perfektion, bevor er in der Runde landet &#8211; manchmal gibt man aber auch schon kleine Bruchst\u00fccke in die Runde, und wir formen gemeinsam einen fertigen Text daraus (was nat\u00fcrlich auch wirklich viel, viel Spa\u00df macht!). Der Rhythmus ist meistens nat\u00fcrlich auch von Melodie und allgemein der Musik abh\u00e4ngig &#8211; hier wird manchmal auch noch nachgefeilt, vor allem wenn zum Zeitpunkt des Textschreibens noch gar keine Musik vorhanden war.<\/em><\/p>\n\n\n\n<p><em><strong>4. <strong>Was ist dein Lieblingsbuch?<\/strong><\/strong><br><strong>Laura: <\/strong>\u201eDer geheime Garten\u201c von Frances Hodgson Burnett.<\/em><\/p>\n\n\n\n<p><em><strong>5. <\/strong><\/em><strong>FAUN hat so viele wundervolle Songs &#8211; wen du einen w\u00e4hlen m\u00fcsstest &#8211; welcher w\u00e4re dein Favorit?<\/strong><em><br><strong>Laura: <\/strong>Wenn ich wirklich nur einen w\u00e4hlen d\u00fcrfte , w\u00e4re es \u201eDas Tor\u201c.<\/em><\/p>\n\n\n  <\/div>\n<\/section><\/div>\n\n\n<p><\/p>\n","protected":false},"excerpt":{"rendered":"","protected":false},"author":1,"featured_media":0,"parent":0,"menu_order":0,"comment_status":"closed","ping_status":"closed","template":"","meta":{"advgb_blocks_editor_width":"","advgb_blocks_columns_visual_guide":"","ngg_post_thumbnail":0},"coauthors":[],"author_meta":{"author_link":"https:\/\/faune.de\/de\/author\/angry\/","display_name":"angry"},"relative_dates":{"created":"Posted 6 Jahren ago","modified":"Updated 2 Jahren ago"},"absolute_dates":{"created":"Posted on Februar 29, 2020","modified":"Updated on Juni 19, 2024"},"absolute_dates_time":{"created":"Posted on Februar 29, 2020 10:15 am","modified":"Updated on Juni 19, 2024 2:40 pm"},"featured_img_caption":"","_links":{"self":[{"href":"https:\/\/faune.de\/de\/wp-json\/wp\/v2\/pages\/364"}],"collection":[{"href":"https:\/\/faune.de\/de\/wp-json\/wp\/v2\/pages"}],"about":[{"href":"https:\/\/faune.de\/de\/wp-json\/wp\/v2\/types\/page"}],"author":[{"embeddable":true,"href":"https:\/\/faune.de\/de\/wp-json\/wp\/v2\/users\/1"}],"replies":[{"embeddable":true,"href":"https:\/\/faune.de\/de\/wp-json\/wp\/v2\/comments?post=364"}],"version-history":[{"count":27,"href":"https:\/\/faune.de\/de\/wp-json\/wp\/v2\/pages\/364\/revisions"}],"predecessor-version":[{"id":692480,"href":"https:\/\/faune.de\/de\/wp-json\/wp\/v2\/pages\/364\/revisions\/692480"}],"wp:attachment":[{"href":"https:\/\/faune.de\/de\/wp-json\/wp\/v2\/media?parent=364"}],"curies":[{"name":"wp","href":"https:\/\/api.w.org\/{rel}","templated":true}]}}