{"id":692470,"date":"2024-06-19T14:42:55","date_gmt":"2024-06-19T14:42:55","guid":{"rendered":"https:\/\/faune.de\/en\/?page_id=692470"},"modified":"2024-06-19T14:50:21","modified_gmt":"2024-06-19T14:50:21","slug":"alex","status":"publish","type":"page","link":"https:\/\/faune.de\/de\/alex\/","title":{"rendered":"Alex"},"content":{"rendered":"\n<div class=\"wp-block-advgb-images-slider advgb-images-slider-block\"><div class=\"advgb-images-slider\" dir=\"ltr\"><div class=\"advgb-image-slider-item\"><img src=\"https:\/\/faune.de\/wp-content\/uploads\/2024\/06\/FAUN-Foto-24-Streife-by-Iseris-art-Kopie.jpg\" class=\"advgb-image-slider-img\" style=\"width:100%;height:auto\"\/><div class=\"advgb-image-slider-item-info\" style=\"justify-content:center;align-items:center\"><\/div><\/div><\/div><\/div>\n\n\n<div class=\"wp-block-lazyblock-social-media-bar lazyblock-social-media-bar-1D53Kf\"><div class=\"social-media-bar\">\n  <div class=\"social-media-link\">\n    <a href=\"https:\/\/www.facebook.com\/FaunOfficial\/\" target=\"_blank\">\n      <img src=\"http:\/\/faune.de\/wp-content\/uploads\/2020\/03\/iconmonstr-facebook-1-e1583080701252.png\" alt=\"Faun on Facebook\">\n    <\/a>\n  <\/div>\n  <div class=\"social-media-link\">\n    <a href=\"https:\/\/www.instagram.com\/faunofficial\/\" target=\"_blank\">\n      <img src=\"http:\/\/faune.de\/wp-content\/uploads\/2020\/03\/iconmonstr-instagram-11-e1583080724898.png\" alt=\"Faun on Instagram\">\n    <\/a>\n  <\/div>\n  <div class=\"social-media-link\">\n    <a href=\"https:\/\/open.spotify.com\/artist\/2wPOgnQ6eW3X73uIJZ4YFE\" target=\"_blank\">\n      <img src=\"http:\/\/faune.de\/wp-content\/uploads\/2020\/03\/iconmonstr-spotify-1-e1583080718378.png\" alt=\"Faun on Spotify\">\n    <\/a>\n  <\/div>\n  <div class=\"social-media-link\">\n    <a href=\"https:\/\/twitter.com\/#!\/FaunOfficial\" target=\"_blank\">\n      <img src=\"http:\/\/faune.de\/wp-content\/uploads\/2020\/03\/iconmonstr-twitter-1-e1583080682108.png\" alt=\"Faun on Twitter\">\n    <\/a>\n  <\/div>\n    <div class=\"social-media-link\">\n    <a href=\"https:\/\/www.youtube.com\/channel\/UCxWwz-uZkTNwEM_duLUrWkQ\" target=\"_blank\">\n      <img src=\"http:\/\/faune.de\/wp-content\/uploads\/2020\/03\/iconmonstr-youtube-6-e1583080711170.png\" alt=\"Faun on Youtube\">\n    <\/a>\n  <\/div>\n<\/div><\/div>\n\n<div class=\"wp-block-lazyblock-page-section lazyblock-page-section-ZcFGPw\">\n\n<section class=\"faunSection parallaxImage__wrapper\" id=\"ZcFGPw\" style=\"background-image: url('')\">\n\t<div class=\"top-braid\">\n\t\t<div class=\"top-braid-left\">\n\t\t\t<img src=\"http:\/\/new.faune.de\/wp-content\/uploads\/2020\/02\/borte_oben_links_gold_optimized.png\">\n\t\t<\/div>\n\t\t<div class=\"top-braid-right\">\n\t\t\t<img src=\"http:\/\/new.faune.de\/wp-content\/uploads\/2020\/02\/borte_oben_rechts_gold_optimized.png\">\n\t\t<\/div>\n\n\t\t<div style=\"clear: both\"><\/div>\n\t<\/div>\n  <div class=\"inner-block\">\n      <h2 class=\"faunSection__headline\">Alex Schulz<\/h2>\n    \n\n<div class=\"wp-block-media-text alignwide has-media-on-the-right\"><figure class=\"wp-block-media-text__media\"><img width=\"708\" height=\"1024\" src=\"https:\/\/faune.de\/wp-content\/uploads\/2024\/06\/Alex-Okt.23jpg-Kopie-708x1024.jpg\" alt=\"\" class=\"wp-image-692462 size-full\" srcset=\"https:\/\/faune.de\/wp-content\/uploads\/2024\/06\/Alex-Okt.23jpg-Kopie-708x1024.jpg 708w, https:\/\/faune.de\/wp-content\/uploads\/2024\/06\/Alex-Okt.23jpg-Kopie-207x300.jpg 207w, https:\/\/faune.de\/wp-content\/uploads\/2024\/06\/Alex-Okt.23jpg-Kopie.jpg 750w\" sizes=\"(max-width: 708px) 100vw, 708px\" \/><\/figure><div class=\"wp-block-media-text__content\">\n<p>Bereits in fr\u00fchester Kindheit hatte Alex viel Kontakt zu allerlei Musik. Retrospektiv betrachtet, waren es oft die Schlagzeuger die Ihn beeindruckt haben.Selbst hat er die St\u00f6cke aber erst 2004 in die Hand genommen und mit verschiedenen Bands und Projekten Erfahrungen gesammelt.Die Davul kam 2010 hinzu, zusammen mit der Mittelaltertruppe von Fatzwerk.2012 suchte Oliver dann Musiker f\u00fcr das Projekt \u201eFolk Noir\u201c und so stie\u00df Alex hinzu.<\/p>\n\n\n\n<p><br>1. Wie war dein erster Kontakt zu Faun?<br>Das war 2009 auf einem Konzert in meiner Heimatstadt Moosburg. Ich erinnere mich noch gut daran\u2026 mir war das f\u00fcr meinen damaligen Geschmack musikalisch zu lieblich und zu soft. Auch konnte man auf der B\u00fchne kaum etwas erkennen, weil diese eher sp\u00e4rlich beleuchtet und voller Nebel war.\u00a0Ich sch\u00e4tze ich habe das Konzept damals einfach nicht verstanden.<\/p>\n\n\n\n<p><br>2. Wenn du ein Lieblingslied von Faun w\u00e4hlen m\u00fcsstest, welches w\u00e4re das?<br>Das w\u00e4re dann wohl Rosmarin XV &#8211; ich mag einfach alles an dem Song. Den Text, die Instrumentals, die Fusion aus alt und modern, der schwebende\/atmosph\u00e4rische Zwischenteil und das ekstatische Ende. Das holt mich zu 100% ab.<\/p>\n\n\n\n<p><br>3. Was empfindest du f\u00fcr dich als reizvoll bei Faun zu sein?<br>Die vielen verschiedenen Instrumente und die Arten wie man sich darauf ausdr\u00fccken kann\u2026 und auch, wie man durch gewisse Limitierungen quasi gezwungen wird, au\u00dferhalb der Box zu denken und kreativ zu werden.<\/p>\n\n\n\n<p><br>4. Du warst lange Zeit f\u00fcr Faun hinter den Kulissen aktiv, wie f\u00fchlt es sich an in den Vordergrund zu r\u00fccken?<br>\u00dcberw\u00e4ltigend. Ich habe \u00fcber die Jahre viel \u00fcber verschiedene Arten von Folk-Musik gelernt. Insbesondere von R\u00fcdiger habe ich viel gelernt, hier und dort mal einen coolen Rhythmus aufgeschnappt oder auch Spieltechniken verschiedener Instrumente. Damals h\u00e4tte ich mir nicht ertr\u00e4umen k\u00f6nnen, dass ich es mal sein werde, der mal an seiner statt bei Faun die Drums spielt.<\/p>\n\n\n\n<p><br>5. Gibt es noch etwas was du uns sagen m\u00f6chtest?<br>Ich genie\u00dfe es total mit solch talentierten und gleichzig liebenswerten Menschen das zu teilen, was mich am meisten begeistert, die Liebe zur Musik.\u00a0Ich schaue positiv in die Zukunft und freue mich auf alles was noch kommen mag.<\/p>\n\n\n\n<p><br> <br>Instrumente bei FAUN: Schlagzeug, Davul, Rahmentrommel, Doumbek\/Darabuka, Tombak\/Zarb, Cajon, Berimbau, Shakers\/Rattles, Riq, \u2026 <\/p>\n<\/div><\/div>\n\n\n  <\/div>\n<\/section><\/div>","protected":false},"excerpt":{"rendered":"","protected":false},"author":2,"featured_media":0,"parent":0,"menu_order":0,"comment_status":"closed","ping_status":"closed","template":"","meta":{"advgb_blocks_editor_width":"","advgb_blocks_columns_visual_guide":"","ngg_post_thumbnail":0},"coauthors":[],"author_meta":{"author_link":"https:\/\/faune.de\/de\/author\/julian\/","display_name":"julian"},"relative_dates":{"created":"Posted 2 Jahren ago","modified":"Updated 2 Jahren ago"},"absolute_dates":{"created":"Posted on Juni 19, 2024","modified":"Updated on Juni 19, 2024"},"absolute_dates_time":{"created":"Posted on Juni 19, 2024 2:42 pm","modified":"Updated on Juni 19, 2024 2:50 pm"},"featured_img_caption":"","_links":{"self":[{"href":"https:\/\/faune.de\/de\/wp-json\/wp\/v2\/pages\/692470"}],"collection":[{"href":"https:\/\/faune.de\/de\/wp-json\/wp\/v2\/pages"}],"about":[{"href":"https:\/\/faune.de\/de\/wp-json\/wp\/v2\/types\/page"}],"author":[{"embeddable":true,"href":"https:\/\/faune.de\/de\/wp-json\/wp\/v2\/users\/2"}],"replies":[{"embeddable":true,"href":"https:\/\/faune.de\/de\/wp-json\/wp\/v2\/comments?post=692470"}],"version-history":[{"count":7,"href":"https:\/\/faune.de\/de\/wp-json\/wp\/v2\/pages\/692470\/revisions"}],"predecessor-version":[{"id":692491,"href":"https:\/\/faune.de\/de\/wp-json\/wp\/v2\/pages\/692470\/revisions\/692491"}],"wp:attachment":[{"href":"https:\/\/faune.de\/de\/wp-json\/wp\/v2\/media?parent=692470"}],"curies":[{"name":"wp","href":"https:\/\/api.w.org\/{rel}","templated":true}]}}