{"id":7,"date":"2020-02-09T09:42:26","date_gmt":"2020-02-09T09:42:26","guid":{"rendered":"http:\/\/new.faune.de\/?page_id=7"},"modified":"2025-06-05T09:02:27","modified_gmt":"2025-06-05T09:02:27","slug":"band","status":"publish","type":"page","link":"https:\/\/faune.de\/de\/band\/","title":{"rendered":"Band"},"content":{"rendered":"\n<div class=\"wp-block-advgb-images-slider advgb-images-slider-block\"><div class=\"advgb-images-slider\" dir=\"ltr\"><div class=\"advgb-image-slider-item\"><img src=\"https:\/\/faune.de\/wp-content\/uploads\/2025\/06\/FAUN-von-Manvarle2-1.jpeg\" class=\"advgb-image-slider-img\" style=\"width:100%;height:auto\"\/><div class=\"advgb-image-slider-item-info\" style=\"justify-content:center;align-items:center\"><\/div><\/div><\/div><\/div>\n\n\n<div class=\"wp-block-lazyblock-social-media-bar lazyblock-social-media-bar-2xf4y\"><div class=\"social-media-bar\">\n  <div class=\"social-media-link\">\n    <a href=\"https:\/\/www.facebook.com\/FaunOfficial\/\" target=\"_blank\">\n      <img src=\"http:\/\/faune.de\/wp-content\/uploads\/2020\/03\/iconmonstr-facebook-1-e1583080701252.png\" alt=\"Faun on Facebook\">\n    <\/a>\n  <\/div>\n  <div class=\"social-media-link\">\n    <a href=\"https:\/\/www.instagram.com\/faunofficial\/\" target=\"_blank\">\n      <img src=\"http:\/\/faune.de\/wp-content\/uploads\/2020\/03\/iconmonstr-instagram-11-e1583080724898.png\" alt=\"Faun on Instagram\">\n    <\/a>\n  <\/div>\n  <div class=\"social-media-link\">\n    <a href=\"https:\/\/open.spotify.com\/artist\/2wPOgnQ6eW3X73uIJZ4YFE\" target=\"_blank\">\n      <img src=\"http:\/\/faune.de\/wp-content\/uploads\/2020\/03\/iconmonstr-spotify-1-e1583080718378.png\" alt=\"Faun on Spotify\">\n    <\/a>\n  <\/div>\n  <div class=\"social-media-link\">\n    <a href=\"https:\/\/twitter.com\/#!\/FaunOfficial\" target=\"_blank\">\n      <img src=\"http:\/\/faune.de\/wp-content\/uploads\/2020\/03\/iconmonstr-twitter-1-e1583080682108.png\" alt=\"Faun on Twitter\">\n    <\/a>\n  <\/div>\n    <div class=\"social-media-link\">\n    <a href=\"https:\/\/www.youtube.com\/channel\/UCxWwz-uZkTNwEM_duLUrWkQ\" target=\"_blank\">\n      <img src=\"http:\/\/faune.de\/wp-content\/uploads\/2020\/03\/iconmonstr-youtube-6-e1583080711170.png\" alt=\"Faun on Youtube\">\n    <\/a>\n  <\/div>\n<\/div><\/div>\n\n<div class=\"wp-block-lazyblock-page-section lazyblock-page-section-ZRNQ5F\">\n\n<section class=\"faunSection parallaxImage__wrapper\" id=\"ZRNQ5F\" style=\"background-image: url('')\">\n\t<div class=\"top-braid\">\n\t\t<div class=\"top-braid-left\">\n\t\t\t<img src=\"http:\/\/new.faune.de\/wp-content\/uploads\/2020\/02\/borte_oben_links_gold_optimized.png\">\n\t\t<\/div>\n\t\t<div class=\"top-braid-right\">\n\t\t\t<img src=\"http:\/\/new.faune.de\/wp-content\/uploads\/2020\/02\/borte_oben_rechts_gold_optimized.png\">\n\t\t<\/div>\n\n\t\t<div style=\"clear: both\"><\/div>\n\t<\/div>\n  <div class=\"inner-block\">\n      <h2 class=\"faunSection__headline\">Band<\/h2>\n    \n\n<h3>Faun<\/h3>\n\n\n\n<div class=\"wp-block-media-text alignwide has-media-on-the-right\"><figure class=\"wp-block-media-text__media\"><img width=\"678\" height=\"1024\" src=\"https:\/\/faune.de\/wp-content\/uploads\/2025\/06\/qLmvH_Cw-678x1024.jpeg\" alt=\"\" class=\"wp-image-836430 size-full\" srcset=\"https:\/\/faune.de\/wp-content\/uploads\/2025\/06\/qLmvH_Cw-678x1024.jpeg 678w, https:\/\/faune.de\/wp-content\/uploads\/2025\/06\/qLmvH_Cw-199x300.jpeg 199w, https:\/\/faune.de\/wp-content\/uploads\/2025\/06\/qLmvH_Cw-768x1160.jpeg 768w, https:\/\/faune.de\/wp-content\/uploads\/2025\/06\/qLmvH_Cw-1017x1536.jpeg 1017w, https:\/\/faune.de\/wp-content\/uploads\/2025\/06\/qLmvH_Cw.jpeg 1024w\" sizes=\"(max-width: 678px) 100vw, 678px\" \/><\/figure><div class=\"wp-block-media-text__content\">\n<p>FAUN sind eine der weltweit f\u00fchrenden Bands f\u00fcr die Verschmelzung von alten Kl\u00e4ngen mit moderner Musik und haben mittlerweile 11 Studio CDs und 2 DVDs ver\u00f6ffentlicht. Ihre CD Ver\u00f6ffentlichungen erreichen Top Positionen in den deutschen Album Charts (z.B.: \u201ePagan\u201c Platz 3,&nbsp; \u201eMidgard\u201c Platz 3, \u201eLuna\u201c Platz 4). Ausserdem waren sie bereits drei mal f\u00fcr den Echo, den gr\u00f6ssten deutschen Musikpreis nominiert und erreichten mit ihrer CD \u201eVon den Elben\u201c den Platin- und mit ihrer CD \u201eLuna\u201c den Goldstatus.<\/p>\n\n\n\n<p>FAUN haben weltweit mehr als 950 Konzerte gespielt und sind momentan mit verschiedenen Konzertprogrammen auf Tour. u.a. mit einem bestuhlten, ruhigeren Programm f\u00fcr Theater, Kirchen und Konzerts\u00e4le (FAUN ACOUSTIC), mit einem kulturellen Programm f\u00fcr bestuhlte, klassische Konzerts\u00e4le und romantische Sommerkonzerte und einer mitreissenden und unbestuhlten Festival Show.<\/p>\n\n\n\n<p><\/p>\n<\/div><\/div>\n\n\n<div class=\"wp-block-lazyblock-no-slug lazyblock-no-slug-18goFL\"><section class=\"bandmemberWrapper\" id=\"18goFL\">\n    \n<div class=\"wp-block-lazyblock-bandmember lazyblock-bandmember-Z1iy1iu\"><div class=\"bandmember\">\n  <div class=\"bandmember-image\">\n    <a href=\"http:\/\/new.faune.de\/?page_id=358\" target=\"_self\">\n        <img src=\"https:\/\/faune.de\/wp-content\/uploads\/2022\/01\/Oliver-by-Iseris-art.de-Kopie-min-modified.png\">\n    <\/a>\n  <\/div>\n  \n  <div class=\"bandmember-name\">\n    <a href=\"http:\/\/new.faune.de\/?page_id=358\" target=\"_self\">\n      Oliver\n    <\/a>\n  <\/div>\n<\/div><\/div>\n\n<div class=\"wp-block-lazyblock-bandmember lazyblock-bandmember-Z23mY3B\"><div class=\"bandmember\">\n  <div class=\"bandmember-image\">\n    <a href=\"http:\/\/new.faune.de\/?page_id=364\" target=\"_self\">\n        <img src=\"https:\/\/faune.de\/wp-content\/uploads\/2022\/01\/Laura-by-Iseris-art.de-Kopie-min-modified.png\">\n    <\/a>\n  <\/div>\n  \n  <div class=\"bandmember-name\">\n    <a href=\"http:\/\/new.faune.de\/?page_id=364\" target=\"_self\">\n      Laura\n    <\/a>\n  <\/div>\n<\/div><\/div>\n\n<div class=\"wp-block-lazyblock-bandmember lazyblock-bandmember-Z231yL7\"><div class=\"bandmember\">\n  <div class=\"bandmember-image\">\n    <a href=\"http:\/\/new.faune.de\/?page_id=362\" target=\"_self\">\n        <img src=\"https:\/\/faune.de\/wp-content\/uploads\/2022\/01\/Stephan-by-Iseris-art.de-Kopie-min-modified.png\">\n    <\/a>\n  <\/div>\n  \n  <div class=\"bandmember-name\">\n    <a href=\"http:\/\/new.faune.de\/?page_id=362\" target=\"_self\">\n      Stephan\n    <\/a>\n  <\/div>\n<\/div><\/div>\n\n<div class=\"wp-block-lazyblock-bandmember lazyblock-bandmember-Z11TYIu\"><div class=\"bandmember\">\n  <div class=\"bandmember-image\">\n    <a href=\"http:\/\/new.faune.de\/?page_id=360\" target=\"_self\">\n        <img src=\"https:\/\/faune.de\/wp-content\/uploads\/2022\/01\/Adaya-by-Iseris-art.de-Kopie-min-modified-1.png\">\n    <\/a>\n  <\/div>\n  \n  <div class=\"bandmember-name\">\n    <a href=\"http:\/\/new.faune.de\/?page_id=360\" target=\"_self\">\n      Adaya\n    <\/a>\n  <\/div>\n<\/div><\/div>\n\n<div class=\"wp-block-lazyblock-bandmember lazyblock-bandmember-1N6v5G\"><div class=\"bandmember\">\n  <div class=\"bandmember-image\">\n    <a href=\"https:\/\/faune.de\/de\/alex\/\" target=\"_self\">\n        <img src=\"https:\/\/faune.de\/wp-content\/uploads\/2024\/06\/round-image-alex.png\">\n    <\/a>\n  <\/div>\n  \n  <div class=\"bandmember-name\">\n    <a href=\"https:\/\/faune.de\/de\/alex\/\" target=\"_self\">\n      Alex\n    <\/a>\n  <\/div>\n<\/div><\/div>\n\n<div class=\"wp-block-lazyblock-bandmember lazyblock-bandmember-1LLXDs\"><div class=\"bandmember\">\n  <div class=\"bandmember-image\">\n    <a href=\"http:\/\/new.faune.de\/?page_id=368\" target=\"_self\">\n        <img src=\"https:\/\/faune.de\/wp-content\/uploads\/2022\/01\/Niel-by-Iseris-art.de-Kopie-min-modified.png\">\n    <\/a>\n  <\/div>\n  \n  <div class=\"bandmember-name\">\n    <a href=\"http:\/\/new.faune.de\/?page_id=368\" target=\"_self\">\n      Niel\n    <\/a>\n  <\/div>\n<\/div><\/div>\n\n<\/section><\/div>\n\n  <\/div>\n<\/section><\/div>","protected":false},"excerpt":{"rendered":"","protected":false},"author":1,"featured_media":0,"parent":0,"menu_order":0,"comment_status":"closed","ping_status":"closed","template":"","meta":{"advgb_blocks_editor_width":"","advgb_blocks_columns_visual_guide":"","ngg_post_thumbnail":0},"coauthors":[],"author_meta":{"author_link":"https:\/\/faune.de\/de\/author\/angry\/","display_name":"angry"},"relative_dates":{"created":"Posted 6 Jahren ago","modified":"Updated 10 Monaten ago"},"absolute_dates":{"created":"Posted on Februar 9, 2020","modified":"Updated on Juni 5, 2025"},"absolute_dates_time":{"created":"Posted on Februar 9, 2020 9:42 am","modified":"Updated on Juni 5, 2025 9:02 am"},"featured_img_caption":"","_links":{"self":[{"href":"https:\/\/faune.de\/de\/wp-json\/wp\/v2\/pages\/7"}],"collection":[{"href":"https:\/\/faune.de\/de\/wp-json\/wp\/v2\/pages"}],"about":[{"href":"https:\/\/faune.de\/de\/wp-json\/wp\/v2\/types\/page"}],"author":[{"embeddable":true,"href":"https:\/\/faune.de\/de\/wp-json\/wp\/v2\/users\/1"}],"replies":[{"embeddable":true,"href":"https:\/\/faune.de\/de\/wp-json\/wp\/v2\/comments?post=7"}],"version-history":[{"count":47,"href":"https:\/\/faune.de\/de\/wp-json\/wp\/v2\/pages\/7\/revisions"}],"predecessor-version":[{"id":836438,"href":"https:\/\/faune.de\/de\/wp-json\/wp\/v2\/pages\/7\/revisions\/836438"}],"wp:attachment":[{"href":"https:\/\/faune.de\/de\/wp-json\/wp\/v2\/media?parent=7"}],"curies":[{"name":"wp","href":"https:\/\/api.w.org\/{rel}","templated":true}]}}