{"id":362,"date":"2020-02-29T10:14:52","date_gmt":"2020-02-29T10:14:52","guid":{"rendered":"http:\/\/new.faune.de\/?page_id=362"},"modified":"2024-06-19T14:40:19","modified_gmt":"2024-06-19T14:40:19","slug":"stephan","status":"publish","type":"page","link":"https:\/\/faune.de\/en\/stephan\/","title":{"rendered":"Stephan"},"content":{"rendered":"\n<div class=\"wp-block-advgb-images-slider advgb-images-slider-block\"><div class=\"advgb-images-slider\" dir=\"ltr\"><div class=\"advgb-image-slider-item\"><img src=\"https:\/\/faune.de\/wp-content\/uploads\/2024\/06\/FAUN-Foto-24-Streife-by-Iseris-art-Kopie.jpg\" class=\"advgb-image-slider-img\" style=\"width:100%;height:auto\"\/><div class=\"advgb-image-slider-item-info\" style=\"justify-content:center;align-items:center\"><\/div><\/div><\/div><\/div>\n\n\n<div class=\"wp-block-lazyblock-social-media-bar lazyblock-social-media-bar-Z1iwkFO\"><div class=\"social-media-bar\">\n  <div class=\"social-media-link\">\n    <a href=\"https:\/\/www.facebook.com\/FaunOfficial\/\" target=\"_blank\">\n      <img src=\"http:\/\/faune.de\/wp-content\/uploads\/2020\/03\/iconmonstr-facebook-1-e1583080701252.png\" alt=\"Faun on Facebook\">\n    <\/a>\n  <\/div>\n  <div class=\"social-media-link\">\n    <a href=\"https:\/\/www.instagram.com\/faunofficial\/\" target=\"_blank\">\n      <img src=\"http:\/\/faune.de\/wp-content\/uploads\/2020\/03\/iconmonstr-instagram-11-e1583080724898.png\" alt=\"Faun on Instagram\">\n    <\/a>\n  <\/div>\n  <div class=\"social-media-link\">\n    <a href=\"https:\/\/open.spotify.com\/artist\/2wPOgnQ6eW3X73uIJZ4YFE\" target=\"_blank\">\n      <img src=\"http:\/\/faune.de\/wp-content\/uploads\/2020\/03\/iconmonstr-spotify-1-e1583080718378.png\" alt=\"Faun on Spotify\">\n    <\/a>\n  <\/div>\n  <div class=\"social-media-link\">\n    <a href=\"https:\/\/twitter.com\/#!\/FaunOfficial\" target=\"_blank\">\n      <img src=\"http:\/\/faune.de\/wp-content\/uploads\/2020\/03\/iconmonstr-twitter-1-e1583080682108.png\" alt=\"Faun on Twitter\">\n    <\/a>\n  <\/div>\n    <div class=\"social-media-link\">\n    <a href=\"https:\/\/www.youtube.com\/channel\/UCxWwz-uZkTNwEM_duLUrWkQ\" target=\"_blank\">\n      <img src=\"http:\/\/faune.de\/wp-content\/uploads\/2020\/03\/iconmonstr-youtube-6-e1583080711170.png\" alt=\"Faun on Youtube\">\n    <\/a>\n  <\/div>\n<\/div><\/div>\n\n<div class=\"wp-block-lazyblock-page-section lazyblock-page-section-P97o2\">\n\n<section class=\"faunSection parallaxImage__wrapper\" id=\"P97o2\" style=\"background-image: url('')\">\n\t<div class=\"top-braid\">\n\t\t<div class=\"top-braid-left\">\n\t\t\t<img src=\"http:\/\/new.faune.de\/wp-content\/uploads\/2020\/02\/borte_oben_links_gold_optimized.png\">\n\t\t<\/div>\n\t\t<div class=\"top-braid-right\">\n\t\t\t<img src=\"http:\/\/new.faune.de\/wp-content\/uploads\/2020\/02\/borte_oben_rechts_gold_optimized.png\">\n\t\t<\/div>\n\n\t\t<div style=\"clear: both\"><\/div>\n\t<\/div>\n  <div class=\"inner-block\">\n    \n\n<div class=\"wp-block-media-text alignwide has-media-on-the-right\"><figure class=\"wp-block-media-text__media\"><img width=\"778\" height=\"1024\" src=\"https:\/\/faune.de\/wp-content\/uploads\/2022\/01\/Stephan-by-Iseris-art.de-Kopie-min-778x1024.jpg\" alt=\"\" class=\"wp-image-199193 size-full\" srcset=\"https:\/\/faune.de\/wp-content\/uploads\/2022\/01\/Stephan-by-Iseris-art.de-Kopie-min-778x1024.jpg 778w, https:\/\/faune.de\/wp-content\/uploads\/2022\/01\/Stephan-by-Iseris-art.de-Kopie-min-228x300.jpg 228w, https:\/\/faune.de\/wp-content\/uploads\/2022\/01\/Stephan-by-Iseris-art.de-Kopie-min-768x1011.jpg 768w, https:\/\/faune.de\/wp-content\/uploads\/2022\/01\/Stephan-by-Iseris-art.de-Kopie-min-1166x1536.jpg 1166w, https:\/\/faune.de\/wp-content\/uploads\/2022\/01\/Stephan-by-Iseris-art.de-Kopie-min-1555x2048.jpg 1555w, https:\/\/faune.de\/wp-content\/uploads\/2022\/01\/Stephan-by-Iseris-art.de-Kopie-min.jpg 1569w\" sizes=\"(max-width: 778px) 100vw, 778px\" \/><\/figure><div class=\"wp-block-media-text__content\">\n<p>\nStephan hegte fr\u00fchzeitiges Interesse an allerlei Dingen, die T\u00f6ne \nproduzieren. Einer  schulischen Keyboard-\/Klavier-Ausbildung folgten \nzahlreiche autodidaktische Ausfl\u00fcge in die Welt der akustischen und \nhistorischen Instrumente, die schlie\u00dflich in einem akuten \nMulti-Instrumentalismus uferten. <br><br>\nAls Student entdeckte er 2003 die Drehleier und sammelte seitdem \nweitreichende Erfahrungen im Bereich der traditionellen Tanzmusik durch \nWorkshops und Sessions mit Folk-Musikern aus ganz Europa. Sein \ngenre\u00fcbergreifendes musikalisches Interesse erweckte in ihm den Ehrgeiz,\n die Drehleier als modernes Instrument zu begreifen, dessen Grenzen es \nnoch auszuloten gilt.<br><br>\nNeben der musikalischen Laufbahn hat Stephan einen Abschluss als \nDiplom-Ingenieur der Akustik an der TU Dresden. Seinen b\u00fcrgerlichen \nIngenieursberuf hat er  jedoch 2012 mit dem Einstieg bei Faun gegen das \nLotterleben eines Profimusikers eingetauscht.<br><br>\nNeben Faun spielt Stephan zusammen mit Oliver S. Tyr in der Folk-Band \n\u201eFolk Noir\u201c und ist Gr\u00fcnder und Leiter der Mittelalter-Folk Band \n\u201eLiederlicher Unfug\u201c und der Folk-Fusion Band \u201eZirp\u201c. Au\u00dferdem ist er \nals Live-, Studio- und Theatermusiker t\u00e4tig. Er ist live bei allen \nFaun-Konzerten zu erleben und bei den Erfolgs-Alben \u201eVon den Elben\u201c und \n\u201eLuna\u201c zu h\u00f6ren.<br><br>\nInstrumente: Drehleier, Cister, Low Whistles, Gesang<br><\/p>\n<\/div><\/div>\n\n\n\n<h3>&#8211; Pers\u00f6nliche Fragen &#8211;<\/h3>\n\n\n\n<p><strong>1.<\/strong> <strong>FAUN hat so viele wundervolle Songs &#8211; wen du einen w\u00e4hlen m\u00fcsstest &#8211; welcher w\u00e4re dein Favorit?<\/strong><br><strong>Stephan:<\/strong> <em>Das ist eigentlich eine unm\u00f6glich zu beantwortende Frage, da sich die Quintessenz von Faun nicht in einem St\u00fcck fassen l\u00e4sst. Am ehesten w\u00fcrde ich mich dennoch f\u00fcr \u201eAlba\u201c entscheiden, sowohl in der alten als auch in der neuen Live-Version. Hier treffen einfach sehr viele faunische St\u00e4rken aufeinander (\u00e4therische Melodie, poetischer Text, mehrstimmiger Gesang, ausgedehnte Instrumentalteile, organische Beats und Sounds). Au\u00dferdem ist Alba auch nach wie vor einer meiner Lieblingssongs im Live- Programm.<\/em><\/p>\n\n\n\n<p><strong>2. <\/strong> <strong>Mit welchem K\u00fcnstler tr\u00e4umst du eines Tages einmal zu kollaborieren?<\/strong><br><strong>Stephan:<\/strong> <em>Ich bin sehr dankbar und gl\u00fccklich, dass ich bereits mit so gro\u00dfartigen Musikern, wie meinen Kollegen von Faun, Zirp und Folk Noir sowie vielen gro\u00dfartigen Tour-G\u00e4sten auf der B\u00fchne stehen konnte. So etwas h\u00e4tte ich mir noch vor 10 Jahren nie tr\u00e4umen lassen. Dar\u00fcberhinaus bleibt eigentlich nur noch ein unerf\u00fcllbar gro\u00dfer Traum \u00fcbrig: Eine Zusammenarbeit mit den legend\u00e4ren \u201ePopes of Paganism\u201c. Leider ist solch ein Wunsch nach dem Vorfall in Krakau wohl illusorisch.<\/em><\/p>\n\n\n\n<p><strong>3. Wie bist du Teil von FAUN geworden?<\/strong><br><strong>Stephan:<\/strong> <em>Ich war bereits vor der Zeit bei Faun mit meiner damaligen Mittelalter-Folk- Band \u201eLiederlicher Unfug\u201c und der Fusion-Folk Band \u201eZirp\u201c semi-professionell musikalisch aktiv und machte durch mein Drehleier-Spiel wohl auf mich aufmerksam. Ende 2011 bekam ich eine Anfrage von Faun, die gerade eine Zeit des Umbruchs erlebten und auf der Suche nach neuen Musiker*innen waren. Nach einem Treffen mit der Band und einer ausgedehnten Jam-Session mit Oli war klar, dass ich die Band von 2012 an begleiten w\u00fcrde. Ich musste nur noch meinen Hauptberuf als frisch graduierter Akustik- Ingenieur aufgeben und startete in das Lotterleben eines Musikers. Ich bereue bisher nichts!<\/em><\/p>\n\n\n\n<p><em><strong>4. <\/strong><\/em><strong>Wirst du \u00f6fter auf Alben singen?<\/strong><br><strong>Stephan:<\/strong> <em>Seit ich denken kann, singe ich f\u00fcr mein Leben gern und liebe insbesondere mehrstimmigen Gesang. Gerade die unterschiedlichen Stimmfarben, der Satzgesang und der Wechsel zwischen Frauen- und M\u00e4nnerstimmen machen Faun meiner Ansicht nach so einzigartig. Seit ich bei Faun bin, habe ich auch eine gewisse Ader zum Songwriting und Texten in mir entdeckt und habe das Gef\u00fchl, dass die St\u00fccke von den Fans auch gut angenommen werden. Ich denke, es wird daher immer mal wieder ein Solo-St\u00fcck von mir geben. Aber pssst\u2026das sollen weiterhin sch\u00f6n die Geheimtipps bleiben \ud83d\ude09<\/em><\/p>\n\n\n\n<p><em><strong>5. <\/strong><\/em><strong>Wenn du kein Musiker w\u00e4rst, wie w\u00fcrdest du dann dein Geld verdienen?<\/strong><br><strong>Stephan:<\/strong> <em>Wenn ich kein professioneller Musiker geworden w\u00e4re, w\u00fcrde ich wohl weiterhin als Akustik-Ingenieur arbeiten und unter anderem Konzerts\u00e4le planen, in denen Bands wie Faun auftreten. Ehrlich gesagt ist mir der Platz auf der B\u00fchne als Musiker aber wesentlich lieber!<\/em><\/p>\n\n\n  <\/div>\n<\/section><\/div>","protected":false},"excerpt":{"rendered":"","protected":false},"author":1,"featured_media":0,"parent":0,"menu_order":0,"comment_status":"closed","ping_status":"closed","template":"","meta":{"advgb_blocks_editor_width":"","advgb_blocks_columns_visual_guide":"","ngg_post_thumbnail":0},"coauthors":[],"author_meta":{"author_link":"https:\/\/faune.de\/en\/author\/angry\/","display_name":"angry"},"relative_dates":{"created":"Posted 6 years ago","modified":"Updated 2 years ago"},"absolute_dates":{"created":"Posted on February 29, 2020","modified":"Updated on June 19, 2024"},"absolute_dates_time":{"created":"Posted on February 29, 2020 10:14 am","modified":"Updated on June 19, 2024 2:40 pm"},"featured_img_caption":"","_links":{"self":[{"href":"https:\/\/faune.de\/en\/wp-json\/wp\/v2\/pages\/362"}],"collection":[{"href":"https:\/\/faune.de\/en\/wp-json\/wp\/v2\/pages"}],"about":[{"href":"https:\/\/faune.de\/en\/wp-json\/wp\/v2\/types\/page"}],"author":[{"embeddable":true,"href":"https:\/\/faune.de\/en\/wp-json\/wp\/v2\/users\/1"}],"replies":[{"embeddable":true,"href":"https:\/\/faune.de\/en\/wp-json\/wp\/v2\/comments?post=362"}],"version-history":[{"count":22,"href":"https:\/\/faune.de\/en\/wp-json\/wp\/v2\/pages\/362\/revisions"}],"predecessor-version":[{"id":692477,"href":"https:\/\/faune.de\/en\/wp-json\/wp\/v2\/pages\/362\/revisions\/692477"}],"wp:attachment":[{"href":"https:\/\/faune.de\/en\/wp-json\/wp\/v2\/media?parent=362"}],"curies":[{"name":"wp","href":"https:\/\/api.w.org\/{rel}","templated":true}]}}